{"id":95,"date":"2025-07-15T11:56:53","date_gmt":"2025-07-15T11:56:53","guid":{"rendered":"https:\/\/carepath-ihi.eu\/?page_id=95"},"modified":"2025-11-06T19:57:07","modified_gmt":"2025-11-06T18:57:07","slug":"our-approach","status":"publish","type":"page","link":"https:\/\/carepath-ihi.eu\/de\/our-approach\/","title":{"rendered":"Unser Ansatz"},"content":{"rendered":"<p>[et_pb_section fb_built=&#8221;1&#8243; _builder_version=&#8221;4.27.4&#8243; _module_preset=&#8221;default&#8221; background_color=&#8221;#FFFFFF&#8221; global_colors_info=&#8221;{}&#8221;][et_pb_row _builder_version=&#8221;4.27.4&#8243; _module_preset=&#8221;default&#8221; global_colors_info=&#8221;{}&#8221;][et_pb_column type=&#8221;4_4&#8243; _builder_version=&#8221;4.27.4&#8243; _module_preset=&#8221;default&#8221; global_colors_info=&#8221;{}&#8221;][et_pb_text _builder_version=&#8221;4.27.4&#8243; _module_preset=&#8221;default&#8221; global_colors_info=&#8221;{}&#8221;]<\/p>\n<h1 class=\"highlighted-heading\"><span>Our approach<\/span><\/h1>\n<p>[\/et_pb_text][\/et_pb_column][\/et_pb_row][et_pb_row _builder_version=&#8221;4.27.4&#8243; _module_preset=&#8221;default&#8221; global_colors_info=&#8221;{}&#8221;][et_pb_column type=&#8221;4_4&#8243; _builder_version=&#8221;4.27.4&#8243; _module_preset=&#8221;default&#8221; global_colors_info=&#8221;{}&#8221;][et_pb_heading title=&#8221;Our Four Pillars&#8221; _builder_version=&#8221;4.27.4&#8243; _module_preset=&#8221;default&#8221; title_level=&#8221;h2&#8243; title_text_color=&#8221;#074747&#8243; title_font_size=&#8221;2.19em&#8221; title_line_height=&#8221;1.4em&#8221; global_colors_info=&#8221;{}&#8221;][\/et_pb_heading][\/et_pb_column][\/et_pb_row][et_pb_row column_structure=&#8221;1_2,1_2&#8243; _builder_version=&#8221;4.27.4&#8243; _module_preset=&#8221;default&#8221; global_colors_info=&#8221;{}&#8221;][et_pb_column type=&#8221;1_2&#8243; _builder_version=&#8221;4.27.4&#8243; _module_preset=&#8221;default&#8221; global_colors_info=&#8221;{}&#8221;][et_pb_blurb title=&#8221;Personalised Support&#8221; image=&#8221;https:\/\/carepath-ihi.eu\/wp-content\/uploads\/2025\/07\/icon_pathways.svg&#8221; alt=&#8221;Dark green, curved line with circles at each end, resembling a path or route, centered on a light blue circular background.&#8221; icon_placement=&#8221;left&#8221; image_icon_width=&#8221;200%&#8221; _builder_version=&#8221;4.27.4&#8243; _module_preset=&#8221;default&#8221; header_level=&#8221;h3&#8243; header_text_align=&#8221;left&#8221; header_font_size=&#8221;1.4em&#8221; body_font_size=&#8221;1.1em&#8221; body_line_height=&#8221;1.4em&#8221; image_icon_custom_margin=&#8221;0.5em|0.35em|||false|false&#8221; image_icon_custom_padding=&#8221;|2em|||false|false&#8221; custom_margin=&#8221;||||false|false&#8221; custom_padding=&#8221;||||false|false&#8221; locked=&#8221;off&#8221; global_colors_info=&#8221;{}&#8221;]<\/p>\n<p>Designing care and medication tools that meet each person\u2019s unique needs, preferences, and daily life.<\/p>\n<p>[\/et_pb_blurb][\/et_pb_column][et_pb_column type=&#8221;1_2&#8243; _builder_version=&#8221;4.27.4&#8243; _module_preset=&#8221;default&#8221; global_colors_info=&#8221;{}&#8221;][et_pb_blurb title=&#8221;Empowerment Through Education&#8221; image=&#8221;https:\/\/carepath-ihi.eu\/wp-content\/uploads\/2025\/07\/icon_procurement.svg&#8221; alt=&#8221;A dark green stylized letter %22E%22 combined with an exclamation mark on a light blue circular background.&#8221; icon_placement=&#8221;left&#8221; image_icon_width=&#8221;200%&#8221; _builder_version=&#8221;4.27.4&#8243; _module_preset=&#8221;default&#8221; header_level=&#8221;h3&#8243; header_text_align=&#8221;left&#8221; header_font_size=&#8221;1.4em&#8221; body_font_size=&#8221;1.1em&#8221; body_line_height=&#8221;1.4em&#8221; image_icon_custom_margin=&#8221;0.5em|0.35em|||false|false&#8221; image_icon_custom_padding=&#8221;|2em|||false|false&#8221; custom_margin=&#8221;||||false|false&#8221; custom_padding=&#8221;||||false|false&#8221; locked=&#8221;off&#8221; global_colors_info=&#8221;{}&#8221;]<\/p>\n<p>Providing people, families, and care teams with knowledge and confidence to manage long-term conditions effectively.<\/p>\n<p>[\/et_pb_blurb][\/et_pb_column][\/et_pb_row][et_pb_row column_structure=&#8221;1_2,1_2&#8243; _builder_version=&#8221;4.27.4&#8243; _module_preset=&#8221;default&#8221; global_colors_info=&#8221;{}&#8221;][et_pb_column type=&#8221;1_2&#8243; _builder_version=&#8221;4.27.4&#8243; _module_preset=&#8221;default&#8221; global_colors_info=&#8221;{}&#8221;][et_pb_blurb title=&#8221;Integrated Solutions&#8221; image=&#8221;https:\/\/carepath-ihi.eu\/wp-content\/uploads\/2025\/07\/icon_patient.svg&#8221; alt=&#8221;Simple line icon of a person with a heart on their chest, set against a light blue circular background.&#8221; icon_placement=&#8221;left&#8221; image_icon_width=&#8221;200%&#8221; _builder_version=&#8221;4.27.4&#8243; _module_preset=&#8221;default&#8221; header_level=&#8221;h3&#8243; header_text_align=&#8221;left&#8221; header_font_size=&#8221;1.4em&#8221; body_font_size=&#8221;1.1em&#8221; body_line_height=&#8221;1.4em&#8221; image_icon_custom_margin=&#8221;0.5em|0.35em|||false|false&#8221; image_icon_custom_padding=&#8221;|2em|||false|false&#8221; custom_margin=&#8221;||||false|false&#8221; custom_padding=&#8221;||||false|false&#8221; hover_enabled=&#8221;0&#8243; locked=&#8221;off&#8221; global_colors_info=&#8221;{}&#8221; sticky_enabled=&#8221;0&#8243;]<\/p>\n<p>Bringing together digital and non-digital tools, in-person support, and healthcare services for a seamless care experience.<\/p>\n<p>[\/et_pb_blurb][\/et_pb_column][et_pb_column type=&#8221;1_2&#8243; _builder_version=&#8221;4.27.4&#8243; _module_preset=&#8221;default&#8221; global_colors_info=&#8221;{}&#8221;][et_pb_blurb title=&#8221;Evidence-Driven Innovation&#8221; image=&#8221;https:\/\/carepath-ihi.eu\/wp-content\/uploads\/2025\/07\/icon_digital.svg&#8221; alt=&#8221;Outline of a person inside a shield icon, centered on a light blue circular background.&#8221; icon_placement=&#8221;left&#8221; image_icon_width=&#8221;200%&#8221; _builder_version=&#8221;4.27.4&#8243; _module_preset=&#8221;default&#8221; header_level=&#8221;h3&#8243; header_text_align=&#8221;left&#8221; header_font_size=&#8221;1.4em&#8221; body_font_size=&#8221;1.1em&#8221; body_line_height=&#8221;1.4em&#8221; image_icon_custom_margin=&#8221;0.5em|0.35em|||false|false&#8221; image_icon_custom_padding=&#8221;|2em|||false|false&#8221; custom_margin=&#8221;||||false|false&#8221; custom_padding=&#8221;||||false|false&#8221; locked=&#8221;off&#8221; global_colors_info=&#8221;{}&#8221;]<\/p>\n<p>Testing, evaluating, and refining solutions to ensure they are practical, effective, and scalable across diverse healthcare systems.<\/p>\n<p>[\/et_pb_blurb][\/et_pb_column][\/et_pb_row][\/et_pb_section][et_pb_section fb_built=&#8221;1&#8243; _builder_version=&#8221;4.27.4&#8243; _dynamic_attributes=&#8221;link_option_url&#8221; _module_preset=&#8221;default&#8221; background_color=&#8221;#B9E5FB&#8221; link_option_url=&#8221;@ET-DC@eyJkeW5hbWljIjp0cnVlLCJjb250ZW50IjoicG9zdF9saW5rX3VybF9wYWdlIiwic2V0dGluZ3MiOnsicG9zdF9pZCI6IjcyOSJ9fQ==@&#8221; global_module=&#8221;784&#8243; saved_tabs=&#8221;all&#8221; global_colors_info=&#8221;{}&#8221;][et_pb_row column_structure=&#8221;1_2,1_2&#8243; make_equal=&#8221;on&#8221; _builder_version=&#8221;4.27.4&#8243; _module_preset=&#8221;default&#8221; global_colors_info=&#8221;{}&#8221;][et_pb_column type=&#8221;1_2&#8243; _builder_version=&#8221;4.27.4&#8243; _module_preset=&#8221;default&#8221; custom_css_main_element=&#8221;margin:auto;&#8221; global_colors_info=&#8221;{}&#8221;][et_pb_heading title=&#8221;CarePath Hackathons&#8221; _builder_version=&#8221;4.27.4&#8243; _module_preset=&#8221;default&#8221; title_level=&#8221;h2&#8243; title_text_color=&#8221;#074747&#8243; title_font_size=&#8221;2.19em&#8221; title_line_height=&#8221;1.4em&#8221; global_colors_info=&#8221;{}&#8221;][\/et_pb_heading][et_pb_text _builder_version=&#8221;4.27.4&#8243; _module_preset=&#8221;default&#8221; text_text_color=&#8221;#074747&#8243; text_font_size=&#8221;1.38em&#8221; text_line_height=&#8221;1.4em&#8221; global_colors_info=&#8221;{}&#8221;]<\/p>\n<p>Join the CarePath Hackathons \u2013 uniting patients, caregivers, and experts to improve medication adherence and chronic disease care.<\/p>\n<p>[\/et_pb_text][et_pb_button button_url=&#8221;@ET-DC@eyJkeW5hbWljIjp0cnVlLCJjb250ZW50IjoicG9zdF9saW5rX3VybF9wYWdlIiwic2V0dGluZ3MiOnsicG9zdF9pZCI6IjcyOSJ9fQ==@&#8221; button_text=&#8221;Find out more&#8221; _builder_version=&#8221;4.27.4&#8243; _dynamic_attributes=&#8221;button_url&#8221; _module_preset=&#8221;default&#8221; custom_button=&#8221;on&#8221; button_text_color=&#8221;#FFFFFF&#8221; button_bg_color=&#8221;#EE634B&#8221; button_border_color=&#8221;#EE634B&#8221; button_use_icon=&#8221;off&#8221; global_colors_info=&#8221;{}&#8221;][\/et_pb_button][\/et_pb_column][et_pb_column type=&#8221;1_2&#8243; _builder_version=&#8221;4.27.4&#8243; _module_preset=&#8221;default&#8221; global_colors_info=&#8221;{}&#8221;][et_pb_image src=&#8221;https:\/\/carepath-ihi.eu\/wp-content\/uploads\/2025\/10\/hackathon-banner-2.jpg&#8221; alt=&#8221;Three sheets of paper with hand-drawn sketches and notes, including diagrams of mobile interfaces, lie on a dark desk beside a black Sharpie marker.&#8221; title_text=&#8221;hackathon-banner-2&#8243; _builder_version=&#8221;4.27.4&#8243; _module_preset=&#8221;default&#8221; border_radii=&#8221;on|25px|25px|25px|25px&#8221; global_colors_info=&#8221;{}&#8221;][\/et_pb_image][\/et_pb_column][\/et_pb_row][et_pb_row _builder_version=&#8221;4.27.4&#8243; _module_preset=&#8221;default&#8221; z_index=&#8221;1&#8243; width=&#8221;100%&#8221; max_width=&#8221;100%&#8221; custom_margin=&#8221;0px||0px||true|false&#8221; custom_padding=&#8221;0px||0px||true|false&#8221; locked=&#8221;off&#8221; global_colors_info=&#8221;{}&#8221;][et_pb_column type=&#8221;4_4&#8243; _builder_version=&#8221;4.27.4&#8243; _module_preset=&#8221;default&#8221; global_colors_info=&#8221;{}&#8221;][et_pb_image src=&#8221;https:\/\/carepath-ihi.eu\/wp-content\/uploads\/2025\/07\/heart_half_red_2.svg&#8221; alt=&#8221;A thick, red curved line on a white background, resembling the left half of a heart shape.&#8221; title_text=&#8221;heart_half_red_2&#8243; _builder_version=&#8221;4.27.4&#8243; _module_preset=&#8221;default&#8221; positioning=&#8221;absolute&#8221; position_origin_a=&#8221;bottom_left&#8221; vertical_offset=&#8221;-70px&#8221; horizontal_offset=&#8221;0px&#8221; width=&#8221;30%&#8221; global_colors_info=&#8221;{}&#8221;][\/et_pb_image][\/et_pb_column][\/et_pb_row][\/et_pb_section][et_pb_section fb_built=&#8221;1&#8243; _builder_version=&#8221;4.27.4&#8243; _module_preset=&#8221;default&#8221; background_color=&#8221;#EDE6D8&#8243; global_module=&#8221;502&#8243; saved_tabs=&#8221;all&#8221; global_colors_info=&#8221;{}&#8221;][et_pb_row _builder_version=&#8221;4.27.4&#8243; _module_preset=&#8221;default&#8221; global_colors_info=&#8221;{}&#8221;][et_pb_column type=&#8221;4_4&#8243; _builder_version=&#8221;4.27.4&#8243; _module_preset=&#8221;default&#8221; global_colors_info=&#8221;{}&#8221;][et_pb_heading title=&#8221;Work Packages&#8221; _builder_version=&#8221;4.27.4&#8243; _module_preset=&#8221;default&#8221; title_level=&#8221;h2&#8243; title_text_align=&#8221;center&#8221; title_text_color=&#8221;#074747&#8243; title_font_size=&#8221;2.19em&#8221; title_line_height=&#8221;1.4em&#8221; global_colors_info=&#8221;{}&#8221;][\/et_pb_heading][\/et_pb_column][\/et_pb_row][et_pb_row _builder_version=&#8221;4.27.4&#8243; _module_preset=&#8221;default&#8221; global_colors_info=&#8221;{}&#8221;][et_pb_column type=&#8221;4_4&#8243; _builder_version=&#8221;4.27.4&#8243; _module_preset=&#8221;default&#8221; global_colors_info=&#8221;{}&#8221;][dvmd_table_maker tbl_row_header_count=&#8221;0&#8243; tbl_responsive_mode=&#8221;off&#8221; tbl_frame_gap_col=&#8221;0px&#8221; tbl_frame_gap_row=&#8221;0px&#8221; tbl_hover_active=&#8221;horz&#8221; tbl_tcell_cell_color=&#8221;RGBA(255,255,255,0)&#8221; tbl_tcell_cell_align_vert=&#8221;center&#8221; tbl_chead_cell_color=&#8221;RGBA(255,255,255,0)&#8221; tbl_rhead_cell_color=&#8221;RGBA(255,255,255,0)&#8221; _builder_version=&#8221;4.27.4&#8243; _module_preset=&#8221;default&#8221; tbl_chead_text_font=&#8221;|700|||||||&#8221; tbl_chead_text_text_color=&#8221;#000000&#8243; tbl_rhead_text_text_color=&#8221;#000000&#8243; background_enable_color=&#8221;off&#8221; border_width_right_tbl_tcell_cell_border=&#8221;0px&#8221; border_style_right_tbl_tcell_cell_border=&#8221;solid&#8221; border_style_bottom_tbl_tcell_cell_border=&#8221;solid&#8221; border_color_all_tbl_chead_cell_border=&#8221;#000000&#8243; global_colors_info=&#8221;{}&#8221;][dvmd_table_maker_item col_label=&#8221;Work Package&#8221; col_content=&#8221;Work Package<br \/>\n<a href=%22\/our-approach\/work-package-one\/%22>WP1<\/a><br \/>\n<a href=%22\/our-approach\/work-package-two\/%22>WP2<\/a><br \/>\n<a href=%22\/our-approach\/work-package-three\/%22>WP3<\/a><br \/>\n<a href=%22\/our-approach\/work-package-four\/%22>WP4<\/a><br \/>\n<a href=%22\/our-approach\/work-package-five\/%22>WP5<\/a><br \/>\n<a href=%22\/our-approach\/work-package-six\/%22>WP6<\/a><br \/>\n<a href=%22\/our-approach\/work-package-seven\/%22>WP7<\/a><br \/>\n<a href=%22\/our-approach\/work-package-eight\/%22>WP8<\/a><br \/>&#8221; col_column_max_width=&#8221;0.3fr&#8221; _builder_version=&#8221;4.27.4&#8243; _module_preset=&#8221;default&#8221; global_colors_info=&#8221;{}&#8221;][\/dvmd_table_maker_item][dvmd_table_maker_item col_label=&#8221;Work Package Title&#8221; col_content=&#8221;Work Package Title<br \/>\n<a href=%22\/our-approach\/work-package-one\/%22>Knowledge Hub<\/a><br \/>\n<a href=%22\/our-approach\/work-package-two\/%22>User-centred design<\/a><br \/>\n<a href=%22\/our-approach\/work-package-three\/%22>Innovation toolbox<\/a><br \/>\n<a href=%22\/our-approach\/work-package-four\/%22>Pilots<\/a><br \/>\n<a href=%22\/our-approach\/work-package-five\/%22>Economics &#038; policy<\/a><br \/>\n<a href=%22\/our-approach\/work-package-six\/%22>Data analytics<\/a><br \/>\n<a href=%22\/our-approach\/work-package-seven\/%22>Communication, dissemination, stakeholder engagement<\/a><br \/>\n<a href=%22\/our-approach\/work-package-eight\/%22>Governance and exploitation<\/a><br \/>&#8221; _builder_version=&#8221;4.27.4&#8243; _module_preset=&#8221;default&#8221; global_colors_info=&#8221;{}&#8221;][\/dvmd_table_maker_item][\/dvmd_table_maker][\/et_pb_column][\/et_pb_row][\/et_pb_section]<\/p>\n","protected":false},"excerpt":{"rendered":"<p>Our approachDesigning care and medication tools that meet each person\u2019s unique needs, preferences, and daily life.Providing people, families, and care teams with knowledge and confidence to manage long-term conditions effectively.Bringing together digital and non-digital tools, in-person support, and healthcare services for a seamless care experience.Testing, evaluating, and refining solutions to ensure they are practical, effective, [&hellip;]<\/p>\n","protected":false},"author":1,"featured_media":0,"parent":0,"menu_order":0,"comment_status":"closed","ping_status":"closed","template":"","meta":{"_et_pb_use_builder":"on","_et_pb_old_content":"<!-- wp:divi\/placeholder \/-->","_et_gb_content_width":"","footnotes":""},"class_list":["post-95","page","type-page","status-publish","hentry"],"yoast_head":"<!-- This site is optimized with the Yoast SEO plugin v27.4 - https:\/\/yoast.com\/product\/yoast-seo-wordpress\/ -->\n<title>Our Approach - CarePath<\/title>\n<meta name=\"robots\" content=\"index, follow, max-snippet:-1, max-image-preview:large, max-video-preview:-1\" \/>\n<link rel=\"canonical\" href=\"http:\/\/carepath-ihi.eu\/de\/our-approach\/\" \/>\n<meta property=\"og:locale\" content=\"de_DE\" \/>\n<meta property=\"og:type\" content=\"article\" \/>\n<meta property=\"og:title\" content=\"Our Approach - CarePath\" \/>\n<meta property=\"og:description\" content=\"Our approachDesigning care and medication tools that meet each person\u2019s unique needs, preferences, and daily life.Providing people, families, and care teams with knowledge and confidence to manage long-term conditions effectively.Bringing together digital and non-digital tools, in-person support, and healthcare services for a seamless care experience.Testing, evaluating, and refining solutions to ensure they are practical, effective, [&hellip;]\" \/>\n<meta property=\"og:url\" content=\"http:\/\/carepath-ihi.eu\/de\/our-approach\/\" \/>\n<meta property=\"og:site_name\" content=\"CarePath\" \/>\n<meta property=\"article:modified_time\" content=\"2025-11-06T18:57:07+00:00\" \/>\n<meta name=\"twitter:card\" content=\"summary_large_image\" \/>\n<script type=\"application\/ld+json\" class=\"yoast-schema-graph\">{\"@context\":\"https:\\\/\\\/schema.org\",\"@graph\":[{\"@type\":\"WebPage\",\"@id\":\"http:\\\/\\\/carepath-ihi.eu\\\/our-approach\\\/\",\"url\":\"http:\\\/\\\/carepath-ihi.eu\\\/our-approach\\\/\",\"name\":\"Our Approach - CarePath\",\"isPartOf\":{\"@id\":\"http:\\\/\\\/carepath-ihi.eu\\\/#website\"},\"datePublished\":\"2025-07-15T11:56:53+00:00\",\"dateModified\":\"2025-11-06T18:57:07+00:00\",\"breadcrumb\":{\"@id\":\"http:\\\/\\\/carepath-ihi.eu\\\/our-approach\\\/#breadcrumb\"},\"inLanguage\":\"de\",\"potentialAction\":[{\"@type\":\"ReadAction\",\"target\":[\"http:\\\/\\\/carepath-ihi.eu\\\/our-approach\\\/\"]}]},{\"@type\":\"BreadcrumbList\",\"@id\":\"http:\\\/\\\/carepath-ihi.eu\\\/our-approach\\\/#breadcrumb\",\"itemListElement\":[{\"@type\":\"ListItem\",\"position\":1,\"name\":\"Home\",\"item\":\"http:\\\/\\\/carepath-ihi.eu\\\/\"},{\"@type\":\"ListItem\",\"position\":2,\"name\":\"Our Approach\"}]},{\"@type\":\"WebSite\",\"@id\":\"http:\\\/\\\/carepath-ihi.eu\\\/#website\",\"url\":\"http:\\\/\\\/carepath-ihi.eu\\\/\",\"name\":\"CarePath\",\"description\":\"Empowering integrated care for Europe\u2019s most vulnerable\",\"potentialAction\":[{\"@type\":\"SearchAction\",\"target\":{\"@type\":\"EntryPoint\",\"urlTemplate\":\"http:\\\/\\\/carepath-ihi.eu\\\/?s={search_term_string}\"},\"query-input\":{\"@type\":\"PropertyValueSpecification\",\"valueRequired\":true,\"valueName\":\"search_term_string\"}}],\"inLanguage\":\"de\"}]}<\/script>\n<!-- \/ Yoast SEO plugin. -->","yoast_head_json":{"title":"Our Approach - CarePath","robots":{"index":"index","follow":"follow","max-snippet":"max-snippet:-1","max-image-preview":"max-image-preview:large","max-video-preview":"max-video-preview:-1"},"canonical":"http:\/\/carepath-ihi.eu\/de\/our-approach\/","og_locale":"de_DE","og_type":"article","og_title":"Our Approach - CarePath","og_description":"Our approachDesigning care and medication tools that meet each person\u2019s unique needs, preferences, and daily life.Providing people, families, and care teams with knowledge and confidence to manage long-term conditions effectively.Bringing together digital and non-digital tools, in-person support, and healthcare services for a seamless care experience.Testing, evaluating, and refining solutions to ensure they are practical, effective, [&hellip;]","og_url":"http:\/\/carepath-ihi.eu\/de\/our-approach\/","og_site_name":"CarePath","article_modified_time":"2025-11-06T18:57:07+00:00","twitter_card":"summary_large_image","schema":{"@context":"https:\/\/schema.org","@graph":[{"@type":"WebPage","@id":"http:\/\/carepath-ihi.eu\/our-approach\/","url":"http:\/\/carepath-ihi.eu\/our-approach\/","name":"Our Approach - CarePath","isPartOf":{"@id":"http:\/\/carepath-ihi.eu\/#website"},"datePublished":"2025-07-15T11:56:53+00:00","dateModified":"2025-11-06T18:57:07+00:00","breadcrumb":{"@id":"http:\/\/carepath-ihi.eu\/our-approach\/#breadcrumb"},"inLanguage":"de","potentialAction":[{"@type":"ReadAction","target":["http:\/\/carepath-ihi.eu\/our-approach\/"]}]},{"@type":"BreadcrumbList","@id":"http:\/\/carepath-ihi.eu\/our-approach\/#breadcrumb","itemListElement":[{"@type":"ListItem","position":1,"name":"Home","item":"http:\/\/carepath-ihi.eu\/"},{"@type":"ListItem","position":2,"name":"Our Approach"}]},{"@type":"WebSite","@id":"http:\/\/carepath-ihi.eu\/#website","url":"http:\/\/carepath-ihi.eu\/","name":"CarePath","description":"St\u00e4rkung der integrierten Pflege f\u00fcr die am meisten gef\u00e4hrdeten Menschen in Europa","potentialAction":[{"@type":"SearchAction","target":{"@type":"EntryPoint","urlTemplate":"http:\/\/carepath-ihi.eu\/?s={search_term_string}"},"query-input":{"@type":"PropertyValueSpecification","valueRequired":true,"valueName":"search_term_string"}}],"inLanguage":"de"}]}},"_links":{"self":[{"href":"https:\/\/carepath-ihi.eu\/de\/wp-json\/wp\/v2\/pages\/95","targetHints":{"allow":["GET"]}}],"collection":[{"href":"https:\/\/carepath-ihi.eu\/de\/wp-json\/wp\/v2\/pages"}],"about":[{"href":"https:\/\/carepath-ihi.eu\/de\/wp-json\/wp\/v2\/types\/page"}],"author":[{"embeddable":true,"href":"https:\/\/carepath-ihi.eu\/de\/wp-json\/wp\/v2\/users\/1"}],"replies":[{"embeddable":true,"href":"https:\/\/carepath-ihi.eu\/de\/wp-json\/wp\/v2\/comments?post=95"}],"version-history":[{"count":22,"href":"https:\/\/carepath-ihi.eu\/de\/wp-json\/wp\/v2\/pages\/95\/revisions"}],"predecessor-version":[{"id":916,"href":"https:\/\/carepath-ihi.eu\/de\/wp-json\/wp\/v2\/pages\/95\/revisions\/916"}],"wp:attachment":[{"href":"https:\/\/carepath-ihi.eu\/de\/wp-json\/wp\/v2\/media?parent=95"}],"curies":[{"name":"wp","href":"https:\/\/api.w.org\/{rel}","templated":true}]}}