{"id":470,"date":"2025-07-30T07:56:53","date_gmt":"2025-07-30T07:56:53","guid":{"rendered":"https:\/\/carepath-ihi.eu\/?page_id=470"},"modified":"2025-07-30T08:11:06","modified_gmt":"2025-07-30T08:11:06","slug":"cookie-policy","status":"publish","type":"page","link":"https:\/\/carepath-ihi.eu\/sv\/cookie-policy\/","title":{"rendered":"Policy f\u00f6r cookies"},"content":{"rendered":"<p>[et_pb_section fb_built=&#8221;1&#8243; module_class=&#8221;anchor-bottom-section&#8221; _builder_version=&#8221;4.27.4&#8243; _module_preset=&#8221;default&#8221; background_enable_image=&#8221;off&#8221; background_position=&#8221;top_center&#8221; custom_padding=&#8221;1em||1em||true|false&#8221; global_colors_info=&#8221;{}&#8221; theme_builder_area=&#8221;post_content&#8221;][et_pb_row _builder_version=&#8221;4.27.4&#8243; _module_preset=&#8221;default&#8221; global_colors_info=&#8221;{}&#8221; theme_builder_area=&#8221;post_content&#8221;][et_pb_column type=&#8221;4_4&#8243; _builder_version=&#8221;4.27.4&#8243; _module_preset=&#8221;default&#8221; global_colors_info=&#8221;{}&#8221; theme_builder_area=&#8221;post_content&#8221;][et_pb_text _builder_version=&#8221;4.27.4&#8243; _module_preset=&#8221;default&#8221; hover_enabled=&#8221;0&#8243; global_colors_info=&#8221;{}&#8221; theme_builder_area=&#8221;post_content&#8221; sticky_enabled=&#8221;0&#8243;]<\/p>\n<h1 class=\"highlighted-heading\"><span>Cookie Policy<\/span><\/h1>\n<p>[\/et_pb_text][\/et_pb_column][\/et_pb_row][et_pb_row column_structure=&#8221;2_3,1_3&#8243; _builder_version=&#8221;4.27.4&#8243; _module_preset=&#8221;default&#8221; global_colors_info=&#8221;{}&#8221; theme_builder_area=&#8221;post_content&#8221;][et_pb_column type=&#8221;2_3&#8243; _builder_version=&#8221;4.27.4&#8243; _module_preset=&#8221;default&#8221; global_colors_info=&#8221;{}&#8221; theme_builder_area=&#8221;post_content&#8221;][et_pb_text ul_item_indent=&#8221;2em&#8221; _builder_version=&#8221;4.27.4&#8243; _module_preset=&#8221;default&#8221; text_font_size=&#8221;1.2em&#8221; text_line_height=&#8221;1.4em&#8221; ul_line_height=&#8221;1.4em&#8221; header_2_font=&#8221;|600|||||||&#8221; header_2_text_color=&#8221;#074747&#8243; header_2_font_size=&#8221;1.5em&#8221; header_2_line_height=&#8221;1.4em&#8221; hover_enabled=&#8221;0&#8243; global_colors_info=&#8221;{}&#8221; theme_builder_area=&#8221;post_content&#8221; sticky_enabled=&#8221;0&#8243;]<\/p>\n<pre>Last updated: 30th July 2025<\/pre>\n<h2>1. What Are Cookies?<\/h2>\n<p>Cookies are small text files placed on your computer or device when you visit a website. They are widely used to make websites function more efficiently and to collect information for reporting and user experience improvements.<\/p>\n<h2>2. How We Use Cookies<\/h2>\n<p>We use cookies for the following purposes:<\/p>\n<ul>\n<li><strong>Essential cookie<\/strong>s: to enable core functionality of the website.<\/li>\n<li><strong>Analytics cookies<\/strong>: to help us understand how users interact with the site (e.g., via Fathom Analytics).<\/li>\n<\/ul>\n<p>All non-essential cookies are disabled by default and require user consent before being set.<\/p>\n<h2>3. Managing Cookies<\/h2>\n<p>You can manage or withdraw your consent to cookie usage at any time via our cookie banner or by changing your browser settings.<\/p>\n<p>Most web browsers allow you to control cookies through their settings. However, disabling cookies may affect the functionality of this and other websites you visit.<\/p>\n<h2>4. Third-Party Services<\/h2>\n<p>We may use third-party services that set their own cookies (e.g., YouTube for video embedding). These are governed by their own privacy and cookie policies.<\/p>\n<h2>5. More Information<\/h2>\n<p>If you have any questions about our use of cookies or this Cookie Policy, please contact us at <a href=\"mailto:contactus@eurobesity.org\" role=\"link\">contactus@eurobesity.org<\/a><span> .<\/span><\/p>\n<p>[\/et_pb_text][\/et_pb_column][et_pb_column type=&#8221;1_3&#8243; _builder_version=&#8221;4.27.4&#8243; _module_preset=&#8221;default&#8221; global_colors_info=&#8221;{}&#8221; theme_builder_area=&#8221;post_content&#8221;][\/et_pb_column][\/et_pb_row][\/et_pb_section]<\/p>\n","protected":false},"excerpt":{"rendered":"<p>Cookie PolicyLast updated: 30th July 2025 1. What Are Cookies? Cookies are small text files placed on your computer or device when you visit a website. They are widely used to make websites function more efficiently and to collect information for reporting and user experience improvements. 2. How We Use Cookies We use cookies for [&hellip;]<\/p>\n","protected":false},"author":1,"featured_media":0,"parent":0,"menu_order":0,"comment_status":"closed","ping_status":"closed","template":"","meta":{"_et_pb_use_builder":"on","_et_pb_old_content":"<!-- wp:divi\/placeholder \/-->","_et_gb_content_width":"","footnotes":""},"class_list":["post-470","page","type-page","status-publish","hentry"],"yoast_head":"<!-- This site is optimized with the Yoast SEO plugin v27.4 - https:\/\/yoast.com\/product\/yoast-seo-wordpress\/ -->\n<title>Cookie Policy - CarePath<\/title>\n<meta name=\"robots\" content=\"index, follow, max-snippet:-1, max-image-preview:large, max-video-preview:-1\" \/>\n<link rel=\"canonical\" href=\"http:\/\/carepath-ihi.eu\/sv\/cookie-policy\/\" \/>\n<meta property=\"og:locale\" content=\"sv_SE\" \/>\n<meta property=\"og:type\" content=\"article\" \/>\n<meta property=\"og:title\" content=\"Cookie Policy - CarePath\" \/>\n<meta property=\"og:description\" content=\"Cookie PolicyLast updated: 30th July 2025 1. What Are Cookies? Cookies are small text files placed on your computer or device when you visit a website. They are widely used to make websites function more efficiently and to collect information for reporting and user experience improvements. 2. How We Use Cookies We use cookies for [&hellip;]\" \/>\n<meta property=\"og:url\" content=\"http:\/\/carepath-ihi.eu\/sv\/cookie-policy\/\" \/>\n<meta property=\"og:site_name\" content=\"CarePath\" \/>\n<meta property=\"article:modified_time\" content=\"2025-07-30T08:11:06+00:00\" \/>\n<meta name=\"twitter:card\" content=\"summary_large_image\" \/>\n<script type=\"application\/ld+json\" class=\"yoast-schema-graph\">{\"@context\":\"https:\\\/\\\/schema.org\",\"@graph\":[{\"@type\":\"WebPage\",\"@id\":\"http:\\\/\\\/carepath-ihi.eu\\\/cookie-policy\\\/\",\"url\":\"http:\\\/\\\/carepath-ihi.eu\\\/cookie-policy\\\/\",\"name\":\"Cookie Policy - CarePath\",\"isPartOf\":{\"@id\":\"http:\\\/\\\/carepath-ihi.eu\\\/#website\"},\"datePublished\":\"2025-07-30T07:56:53+00:00\",\"dateModified\":\"2025-07-30T08:11:06+00:00\",\"breadcrumb\":{\"@id\":\"http:\\\/\\\/carepath-ihi.eu\\\/cookie-policy\\\/#breadcrumb\"},\"inLanguage\":\"sv-SE\",\"potentialAction\":[{\"@type\":\"ReadAction\",\"target\":[\"http:\\\/\\\/carepath-ihi.eu\\\/cookie-policy\\\/\"]}]},{\"@type\":\"BreadcrumbList\",\"@id\":\"http:\\\/\\\/carepath-ihi.eu\\\/cookie-policy\\\/#breadcrumb\",\"itemListElement\":[{\"@type\":\"ListItem\",\"position\":1,\"name\":\"Home\",\"item\":\"http:\\\/\\\/carepath-ihi.eu\\\/\"},{\"@type\":\"ListItem\",\"position\":2,\"name\":\"Cookie Policy\"}]},{\"@type\":\"WebSite\",\"@id\":\"http:\\\/\\\/carepath-ihi.eu\\\/#website\",\"url\":\"http:\\\/\\\/carepath-ihi.eu\\\/\",\"name\":\"CarePath\",\"description\":\"Empowering integrated care for Europe\u2019s most vulnerable\",\"potentialAction\":[{\"@type\":\"SearchAction\",\"target\":{\"@type\":\"EntryPoint\",\"urlTemplate\":\"http:\\\/\\\/carepath-ihi.eu\\\/?s={search_term_string}\"},\"query-input\":{\"@type\":\"PropertyValueSpecification\",\"valueRequired\":true,\"valueName\":\"search_term_string\"}}],\"inLanguage\":\"sv-SE\"}]}<\/script>\n<!-- \/ Yoast SEO plugin. -->","yoast_head_json":{"title":"Cookie Policy - CarePath","robots":{"index":"index","follow":"follow","max-snippet":"max-snippet:-1","max-image-preview":"max-image-preview:large","max-video-preview":"max-video-preview:-1"},"canonical":"http:\/\/carepath-ihi.eu\/sv\/cookie-policy\/","og_locale":"sv_SE","og_type":"article","og_title":"Cookie Policy - CarePath","og_description":"Cookie PolicyLast updated: 30th July 2025 1. What Are Cookies? Cookies are small text files placed on your computer or device when you visit a website. They are widely used to make websites function more efficiently and to collect information for reporting and user experience improvements. 2. How We Use Cookies We use cookies for [&hellip;]","og_url":"http:\/\/carepath-ihi.eu\/sv\/cookie-policy\/","og_site_name":"CarePath","article_modified_time":"2025-07-30T08:11:06+00:00","twitter_card":"summary_large_image","schema":{"@context":"https:\/\/schema.org","@graph":[{"@type":"WebPage","@id":"http:\/\/carepath-ihi.eu\/cookie-policy\/","url":"http:\/\/carepath-ihi.eu\/cookie-policy\/","name":"Cookie Policy - CarePath","isPartOf":{"@id":"http:\/\/carepath-ihi.eu\/#website"},"datePublished":"2025-07-30T07:56:53+00:00","dateModified":"2025-07-30T08:11:06+00:00","breadcrumb":{"@id":"http:\/\/carepath-ihi.eu\/cookie-policy\/#breadcrumb"},"inLanguage":"sv-SE","potentialAction":[{"@type":"ReadAction","target":["http:\/\/carepath-ihi.eu\/cookie-policy\/"]}]},{"@type":"BreadcrumbList","@id":"http:\/\/carepath-ihi.eu\/cookie-policy\/#breadcrumb","itemListElement":[{"@type":"ListItem","position":1,"name":"Home","item":"http:\/\/carepath-ihi.eu\/"},{"@type":"ListItem","position":2,"name":"Cookie Policy"}]},{"@type":"WebSite","@id":"http:\/\/carepath-ihi.eu\/#website","url":"http:\/\/carepath-ihi.eu\/","name":"CarePath","description":"St\u00e4rka integrerad v\u00e5rd f\u00f6r Europas mest utsatta","potentialAction":[{"@type":"SearchAction","target":{"@type":"EntryPoint","urlTemplate":"http:\/\/carepath-ihi.eu\/?s={search_term_string}"},"query-input":{"@type":"PropertyValueSpecification","valueRequired":true,"valueName":"search_term_string"}}],"inLanguage":"sv-SE"}]}},"_links":{"self":[{"href":"https:\/\/carepath-ihi.eu\/sv\/wp-json\/wp\/v2\/pages\/470","targetHints":{"allow":["GET"]}}],"collection":[{"href":"https:\/\/carepath-ihi.eu\/sv\/wp-json\/wp\/v2\/pages"}],"about":[{"href":"https:\/\/carepath-ihi.eu\/sv\/wp-json\/wp\/v2\/types\/page"}],"author":[{"embeddable":true,"href":"https:\/\/carepath-ihi.eu\/sv\/wp-json\/wp\/v2\/users\/1"}],"replies":[{"embeddable":true,"href":"https:\/\/carepath-ihi.eu\/sv\/wp-json\/wp\/v2\/comments?post=470"}],"version-history":[{"count":3,"href":"https:\/\/carepath-ihi.eu\/sv\/wp-json\/wp\/v2\/pages\/470\/revisions"}],"predecessor-version":[{"id":477,"href":"https:\/\/carepath-ihi.eu\/sv\/wp-json\/wp\/v2\/pages\/470\/revisions\/477"}],"wp:attachment":[{"href":"https:\/\/carepath-ihi.eu\/sv\/wp-json\/wp\/v2\/media?parent=470"}],"curies":[{"name":"wp","href":"https:\/\/api.w.org\/{rel}","templated":true}]}}