{"id":518,"date":"2025-09-02T13:38:51","date_gmt":"2025-09-02T13:38:51","guid":{"rendered":"https:\/\/carepath-ihi.eu\/?page_id=518"},"modified":"2025-11-06T20:17:00","modified_gmt":"2025-11-06T19:17:00","slug":"work-package-six","status":"publish","type":"page","link":"https:\/\/carepath-ihi.eu\/sv\/work-packages\/work-package-six\/","title":{"rendered":"Work Package Six"},"content":{"rendered":"<p>[et_pb_section fb_built=&#8221;1&#8243; _builder_version=&#8221;4.27.4&#8243; _module_preset=&#8221;default&#8221; background_color=&#8221;#FFFFFF&#8221; global_colors_info=&#8221;{}&#8221;][et_pb_row _builder_version=&#8221;4.27.4&#8243; _module_preset=&#8221;default&#8221; global_colors_info=&#8221;{}&#8221;][et_pb_column type=&#8221;4_4&#8243; _builder_version=&#8221;4.27.4&#8243; _module_preset=&#8221;default&#8221; global_colors_info=&#8221;{}&#8221;][et_pb_text _builder_version=&#8221;4.27.4&#8243; _module_preset=&#8221;default&#8221; global_colors_info=&#8221;{}&#8221;]<\/p>\n<h1 class=\"highlighted-heading\"><span>Work package six<\/span><\/h1>\n<p>[\/et_pb_text][\/et_pb_column][\/et_pb_row][et_pb_row column_structure=&#8221;2_3,1_3&#8243; _builder_version=&#8221;4.27.4&#8243; _module_preset=&#8221;default&#8221; global_colors_info=&#8221;{}&#8221;][et_pb_column type=&#8221;2_3&#8243; _builder_version=&#8221;4.27.4&#8243; _module_preset=&#8221;default&#8221; global_colors_info=&#8221;{}&#8221;][et_pb_heading title=&#8221;Data analytics&#8221; _builder_version=&#8221;4.27.4&#8243; _module_preset=&#8221;default&#8221; title_level=&#8221;h2&#8243; title_text_color=&#8221;#074747&#8243; title_font_size=&#8221;2.19em&#8221; title_line_height=&#8221;1.4em&#8221; global_colors_info=&#8221;{}&#8221;][\/et_pb_heading][et_pb_heading title=&#8221;Ensure data quality, security, interoperability, and compliance with GDPR and health data regulations.&#8221; _builder_version=&#8221;4.27.4&#8243; _module_preset=&#8221;default&#8221; title_level=&#8221;h3&#8243; title_text_color=&#8221;#074747&#8243; title_font_size=&#8221;1.2em&#8221; title_line_height=&#8221;1.4em&#8221; locked=&#8221;off&#8221; global_colors_info=&#8221;{}&#8221;][\/et_pb_heading][et_pb_text _builder_version=&#8221;4.27.4&#8243; _module_preset=&#8221;default&#8221; text_font_size=&#8221;1.2em&#8221; text_line_height=&#8221;1.4em&#8221; module_alignment=&#8221;center&#8221; global_colors_info=&#8221;{}&#8221;]<\/p>\n<p>The main objective of WP6 is to ensure the effective implementation and evaluation of machine learning-driven personalisation and profiling applications through collaboration and data integration<\/p>\n<p>[\/et_pb_text][et_pb_heading title=&#8221;Contact work package leaders\/leads&#8221; _builder_version=&#8221;4.27.4&#8243; _module_preset=&#8221;default&#8221; title_level=&#8221;h3&#8243; title_text_color=&#8221;#074747&#8243; title_font_size=&#8221;1.8em&#8221; title_line_height=&#8221;1.4em&#8221; hover_enabled=&#8221;0&#8243; global_colors_info=&#8221;{}&#8221; sticky_enabled=&#8221;0&#8243;][\/et_pb_heading][et_pb_text _builder_version=&#8221;4.27.4&#8243; _module_preset=&#8221;default&#8221; text_font_size=&#8221;1.2em&#8221; text_line_height=&#8221;1.4em&#8221; module_alignment=&#8221;center&#8221; hover_enabled=&#8221;0&#8243; global_colors_info=&#8221;{}&#8221; sticky_enabled=&#8221;0&#8243;]<\/p>\n<ul>\n<li>HL7, Frank Ploeg, <a href=\"mailto:frank.ploeg@hl7europe.org\">frank.ploeg@hl7europe.org<\/a><\/li>\n<\/ul>\n<p>[\/et_pb_text][\/et_pb_column][et_pb_column type=&#8221;1_3&#8243; _builder_version=&#8221;4.27.4&#8243; _module_preset=&#8221;default&#8221; global_colors_info=&#8221;{}&#8221;][et_pb_image src=&#8221;https:\/\/carepath-ihi.eu\/wp-content\/uploads\/2025\/10\/HL7_Europe_logo.jpg&#8221; alt=&#8221;HL7 logo in red letters above the word %22Europe%22 with a blue European Union flag symbol on a white background.&#8221; title_text=&#8221;HL7_Europe_logo&#8221; _builder_version=&#8221;4.27.4&#8243; _module_preset=&#8221;default&#8221; locked=&#8221;off&#8221; global_colors_info=&#8221;{}&#8221;][\/et_pb_image][\/et_pb_column][\/et_pb_row][\/et_pb_section][et_pb_section fb_built=&#8221;1&#8243; _builder_version=&#8221;4.27.4&#8243; _module_preset=&#8221;default&#8221; background_color=&#8221;#EDE6D8&#8243; global_module=&#8221;502&#8243; saved_tabs=&#8221;all&#8221; global_colors_info=&#8221;{}&#8221;][et_pb_row _builder_version=&#8221;4.27.4&#8243; _module_preset=&#8221;default&#8221; global_colors_info=&#8221;{}&#8221;][et_pb_column type=&#8221;4_4&#8243; _builder_version=&#8221;4.27.4&#8243; _module_preset=&#8221;default&#8221; global_colors_info=&#8221;{}&#8221;][et_pb_heading title=&#8221;Work Packages&#8221; _builder_version=&#8221;4.27.4&#8243; _module_preset=&#8221;default&#8221; title_level=&#8221;h2&#8243; title_text_align=&#8221;center&#8221; title_text_color=&#8221;#074747&#8243; title_font_size=&#8221;2.19em&#8221; title_line_height=&#8221;1.4em&#8221; global_colors_info=&#8221;{}&#8221;][\/et_pb_heading][\/et_pb_column][\/et_pb_row][et_pb_row _builder_version=&#8221;4.27.4&#8243; _module_preset=&#8221;default&#8221; global_colors_info=&#8221;{}&#8221;][et_pb_column type=&#8221;4_4&#8243; _builder_version=&#8221;4.27.4&#8243; _module_preset=&#8221;default&#8221; global_colors_info=&#8221;{}&#8221;][dvmd_table_maker tbl_row_header_count=&#8221;0&#8243; tbl_responsive_mode=&#8221;off&#8221; tbl_frame_gap_col=&#8221;0px&#8221; tbl_frame_gap_row=&#8221;0px&#8221; tbl_hover_active=&#8221;horz&#8221; tbl_tcell_cell_color=&#8221;RGBA(255,255,255,0)&#8221; tbl_tcell_cell_align_vert=&#8221;center&#8221; tbl_chead_cell_color=&#8221;RGBA(255,255,255,0)&#8221; tbl_rhead_cell_color=&#8221;RGBA(255,255,255,0)&#8221; _builder_version=&#8221;4.27.4&#8243; _module_preset=&#8221;default&#8221; tbl_chead_text_font=&#8221;|700|||||||&#8221; tbl_chead_text_text_color=&#8221;#000000&#8243; tbl_rhead_text_text_color=&#8221;#000000&#8243; background_enable_color=&#8221;off&#8221; border_width_right_tbl_tcell_cell_border=&#8221;0px&#8221; border_style_right_tbl_tcell_cell_border=&#8221;solid&#8221; border_style_bottom_tbl_tcell_cell_border=&#8221;solid&#8221; border_color_all_tbl_chead_cell_border=&#8221;#000000&#8243; global_colors_info=&#8221;{}&#8221;][dvmd_table_maker_item col_label=&#8221;Work Package&#8221; col_content=&#8221;Work Package<br \/>\n<a href=%22\/our-approach\/work-package-one\/%22>WP1<\/a><br \/>\n<a href=%22\/our-approach\/work-package-two\/%22>WP2<\/a><br \/>\n<a href=%22\/our-approach\/work-package-three\/%22>WP3<\/a><br \/>\n<a href=%22\/our-approach\/work-package-four\/%22>WP4<\/a><br \/>\n<a href=%22\/our-approach\/work-package-five\/%22>WP5<\/a><br \/>\n<a href=%22\/our-approach\/work-package-six\/%22>WP6<\/a><br \/>\n<a href=%22\/our-approach\/work-package-seven\/%22>WP7<\/a><br \/>\n<a href=%22\/our-approach\/work-package-eight\/%22>WP8<\/a><br \/>&#8221; col_column_max_width=&#8221;0.3fr&#8221; _builder_version=&#8221;4.27.4&#8243; _module_preset=&#8221;default&#8221; global_colors_info=&#8221;{}&#8221;][\/dvmd_table_maker_item][dvmd_table_maker_item col_label=&#8221;Work Package Title&#8221; col_content=&#8221;Work Package Title<br \/>\n<a href=%22\/our-approach\/work-package-one\/%22>Knowledge Hub<\/a><br \/>\n<a href=%22\/our-approach\/work-package-two\/%22>User-centred design<\/a><br \/>\n<a href=%22\/our-approach\/work-package-three\/%22>Innovation toolbox<\/a><br \/>\n<a href=%22\/our-approach\/work-package-four\/%22>Pilots<\/a><br \/>\n<a href=%22\/our-approach\/work-package-five\/%22>Economics &#038; policy<\/a><br \/>\n<a href=%22\/our-approach\/work-package-six\/%22>Data analytics<\/a><br \/>\n<a href=%22\/our-approach\/work-package-seven\/%22>Communication, dissemination, stakeholder engagement<\/a><br \/>\n<a href=%22\/our-approach\/work-package-eight\/%22>Governance and exploitation<\/a><br \/>&#8221; _builder_version=&#8221;4.27.4&#8243; _module_preset=&#8221;default&#8221; global_colors_info=&#8221;{}&#8221;][\/dvmd_table_maker_item][\/dvmd_table_maker][\/et_pb_column][\/et_pb_row][\/et_pb_section]<\/p>\n","protected":false},"excerpt":{"rendered":"<p>Work package sixThe main objective of WP6 is to ensure the effective implementation and evaluation of machine learning-driven personalisation and profiling applications through collaboration and data integration HL7, Frank Ploeg, frank.ploeg@hl7europe.org <div class=\"et_pb_with_border et_pb_module dvmd_table_maker dvmd_table_maker_0 dvmd_tm_version_4_0_1\">\n\t\t\t\t\n\t\t\t\t\n\t\t\t\t\n\t\t\t\t\n\t\t\t\t\n\t\t\t\t\n\t\t\t\t<div class=\"et_pb_module_inner\">\n\t\t\t\t\t\n\t\t\t\t<\/div>\n\t\t\t<\/div><div class=\"dvmd_outer\">\n\t\t\t\t\n\t\t\t\t\n\t\t\t\t\n\t\t\t\t\n\t\t\t\t\n\t\t\t\t\n\t\t\t\t<div class=\"dvmd_inner\">\n\t\t\t\t\t\n\t\t\t\t<\/div>\n\t\t\t<\/div><\/p>","protected":false},"author":1,"featured_media":0,"parent":732,"menu_order":0,"comment_status":"closed","ping_status":"closed","template":"","meta":{"_et_pb_use_builder":"on","_et_pb_old_content":"<!-- wp:divi\/placeholder \/-->","_et_gb_content_width":"","footnotes":""},"class_list":["post-518","page","type-page","status-publish","hentry"],"yoast_head":"<!-- This site is optimized with the Yoast SEO plugin v27.4 - https:\/\/yoast.com\/product\/yoast-seo-wordpress\/ -->\n<title>Work Package Six - CarePath<\/title>\n<meta name=\"robots\" content=\"index, follow, max-snippet:-1, max-image-preview:large, max-video-preview:-1\" \/>\n<link rel=\"canonical\" href=\"http:\/\/carepath-ihi.eu\/sv\/work-packages\/work-package-six\/\" \/>\n<meta property=\"og:locale\" content=\"sv_SE\" \/>\n<meta property=\"og:type\" content=\"article\" \/>\n<meta property=\"og:title\" content=\"Work Package Six - CarePath\" \/>\n<meta property=\"og:description\" content=\"Work package sixThe main objective of WP6 is to ensure the effective implementation and evaluation of machine learning-driven personalisation and profiling applications through collaboration and data integration HL7, Frank Ploeg, frank.ploeg@hl7europe.org\" \/>\n<meta property=\"og:url\" content=\"http:\/\/carepath-ihi.eu\/sv\/work-packages\/work-package-six\/\" \/>\n<meta property=\"og:site_name\" content=\"CarePath\" \/>\n<meta property=\"article:modified_time\" content=\"2025-11-06T19:17:00+00:00\" \/>\n<meta name=\"twitter:card\" content=\"summary_large_image\" \/>\n<script type=\"application\/ld+json\" class=\"yoast-schema-graph\">{\"@context\":\"https:\\\/\\\/schema.org\",\"@graph\":[{\"@type\":\"WebPage\",\"@id\":\"http:\\\/\\\/carepath-ihi.eu\\\/work-packages\\\/work-package-six\\\/\",\"url\":\"http:\\\/\\\/carepath-ihi.eu\\\/work-packages\\\/work-package-six\\\/\",\"name\":\"Work Package Six - CarePath\",\"isPartOf\":{\"@id\":\"http:\\\/\\\/carepath-ihi.eu\\\/#website\"},\"datePublished\":\"2025-09-02T13:38:51+00:00\",\"dateModified\":\"2025-11-06T19:17:00+00:00\",\"breadcrumb\":{\"@id\":\"http:\\\/\\\/carepath-ihi.eu\\\/work-packages\\\/work-package-six\\\/#breadcrumb\"},\"inLanguage\":\"sv-SE\",\"potentialAction\":[{\"@type\":\"ReadAction\",\"target\":[\"http:\\\/\\\/carepath-ihi.eu\\\/work-packages\\\/work-package-six\\\/\"]}]},{\"@type\":\"BreadcrumbList\",\"@id\":\"http:\\\/\\\/carepath-ihi.eu\\\/work-packages\\\/work-package-six\\\/#breadcrumb\",\"itemListElement\":[{\"@type\":\"ListItem\",\"position\":1,\"name\":\"Home\",\"item\":\"http:\\\/\\\/carepath-ihi.eu\\\/\"},{\"@type\":\"ListItem\",\"position\":2,\"name\":\"Work Packages\",\"item\":\"http:\\\/\\\/carepath-ihi.eu\\\/work-packages\\\/\"},{\"@type\":\"ListItem\",\"position\":3,\"name\":\"Work Package Six\"}]},{\"@type\":\"WebSite\",\"@id\":\"http:\\\/\\\/carepath-ihi.eu\\\/#website\",\"url\":\"http:\\\/\\\/carepath-ihi.eu\\\/\",\"name\":\"CarePath\",\"description\":\"Empowering integrated care for Europe\u2019s most vulnerable\",\"potentialAction\":[{\"@type\":\"SearchAction\",\"target\":{\"@type\":\"EntryPoint\",\"urlTemplate\":\"http:\\\/\\\/carepath-ihi.eu\\\/?s={search_term_string}\"},\"query-input\":{\"@type\":\"PropertyValueSpecification\",\"valueRequired\":true,\"valueName\":\"search_term_string\"}}],\"inLanguage\":\"sv-SE\"}]}<\/script>\n<!-- \/ Yoast SEO plugin. -->","yoast_head_json":{"title":"Work Package Six - CarePath","robots":{"index":"index","follow":"follow","max-snippet":"max-snippet:-1","max-image-preview":"max-image-preview:large","max-video-preview":"max-video-preview:-1"},"canonical":"http:\/\/carepath-ihi.eu\/sv\/work-packages\/work-package-six\/","og_locale":"sv_SE","og_type":"article","og_title":"Work Package Six - CarePath","og_description":"Work package sixThe main objective of WP6 is to ensure the effective implementation and evaluation of machine learning-driven personalisation and profiling applications through collaboration and data integration HL7, Frank Ploeg, frank.ploeg@hl7europe.org","og_url":"http:\/\/carepath-ihi.eu\/sv\/work-packages\/work-package-six\/","og_site_name":"CarePath","article_modified_time":"2025-11-06T19:17:00+00:00","twitter_card":"summary_large_image","schema":{"@context":"https:\/\/schema.org","@graph":[{"@type":"WebPage","@id":"http:\/\/carepath-ihi.eu\/work-packages\/work-package-six\/","url":"http:\/\/carepath-ihi.eu\/work-packages\/work-package-six\/","name":"Work Package Six - CarePath","isPartOf":{"@id":"http:\/\/carepath-ihi.eu\/#website"},"datePublished":"2025-09-02T13:38:51+00:00","dateModified":"2025-11-06T19:17:00+00:00","breadcrumb":{"@id":"http:\/\/carepath-ihi.eu\/work-packages\/work-package-six\/#breadcrumb"},"inLanguage":"sv-SE","potentialAction":[{"@type":"ReadAction","target":["http:\/\/carepath-ihi.eu\/work-packages\/work-package-six\/"]}]},{"@type":"BreadcrumbList","@id":"http:\/\/carepath-ihi.eu\/work-packages\/work-package-six\/#breadcrumb","itemListElement":[{"@type":"ListItem","position":1,"name":"Home","item":"http:\/\/carepath-ihi.eu\/"},{"@type":"ListItem","position":2,"name":"Work Packages","item":"http:\/\/carepath-ihi.eu\/work-packages\/"},{"@type":"ListItem","position":3,"name":"Work Package Six"}]},{"@type":"WebSite","@id":"http:\/\/carepath-ihi.eu\/#website","url":"http:\/\/carepath-ihi.eu\/","name":"CarePath","description":"St\u00e4rka integrerad v\u00e5rd f\u00f6r Europas mest utsatta","potentialAction":[{"@type":"SearchAction","target":{"@type":"EntryPoint","urlTemplate":"http:\/\/carepath-ihi.eu\/?s={search_term_string}"},"query-input":{"@type":"PropertyValueSpecification","valueRequired":true,"valueName":"search_term_string"}}],"inLanguage":"sv-SE"}]}},"_links":{"self":[{"href":"https:\/\/carepath-ihi.eu\/sv\/wp-json\/wp\/v2\/pages\/518","targetHints":{"allow":["GET"]}}],"collection":[{"href":"https:\/\/carepath-ihi.eu\/sv\/wp-json\/wp\/v2\/pages"}],"about":[{"href":"https:\/\/carepath-ihi.eu\/sv\/wp-json\/wp\/v2\/types\/page"}],"author":[{"embeddable":true,"href":"https:\/\/carepath-ihi.eu\/sv\/wp-json\/wp\/v2\/users\/1"}],"replies":[{"embeddable":true,"href":"https:\/\/carepath-ihi.eu\/sv\/wp-json\/wp\/v2\/comments?post=518"}],"version-history":[{"count":9,"href":"https:\/\/carepath-ihi.eu\/sv\/wp-json\/wp\/v2\/pages\/518\/revisions"}],"predecessor-version":[{"id":928,"href":"https:\/\/carepath-ihi.eu\/sv\/wp-json\/wp\/v2\/pages\/518\/revisions\/928"}],"up":[{"embeddable":true,"href":"https:\/\/carepath-ihi.eu\/sv\/wp-json\/wp\/v2\/pages\/732"}],"wp:attachment":[{"href":"https:\/\/carepath-ihi.eu\/sv\/wp-json\/wp\/v2\/media?parent=518"}],"curies":[{"name":"wp","href":"https:\/\/api.w.org\/{rel}","templated":true}]}}